{"id":206,"date":"2024-05-21T14:49:41","date_gmt":"2024-05-21T12:49:41","guid":{"rendered":"https:\/\/staging.stellba.ch\/?page_id=206"},"modified":"2025-08-20T15:55:26","modified_gmt":"2025-08-20T13:55:26","slug":"laserauftragsschweissen","status":"publish","type":"page","link":"https:\/\/www.stellba.ch\/de\/verfahren\/laserauftragsschweissen\/","title":{"rendered":"Laserauftragsschweissen"},"content":{"rendered":"<div id=\"gutenslider-zqw2yxgmy\" class=\"wp-block-eedee-block-gutenslider gs-frontend content-change alignnone arrow-style-1 arrow-position-sides arrow-mb-none arrows-lg arrows-md arrows-sm dot-style-1 dots-lg-none dots-md-none dots-sm-none dot-position-bottom is-position-center-center mb-none wrap-auto-height\" data-parallax-direction=\"down\" data-parallax-amount=\"1.3\" data-lg-transition=\"lg-slide\" data-hash=\"\" ><div class=\"eedee-swiper-outer\" style=\"--gutenslider-min-height: 400px;--gutenslider-arrow-size: 30px;--gutenslider-dot-size: 25px;--gutenslider-arrow-color: #ffffff;--gutenslider-dot-color: #ffffff;--gutenslider-padding-y-mobile: 40px;--gutenslider-padding-x-mobile: 40px;--gutenslider-padding-y-tablet: 40px;--gutenslider-padding-x-tablet: 40px;--gutenslider-padding-y-desktop: 40px;--gutenslider-padding-x-desktop: 40px;--gutenslider-bg-image: url();--gutenslider-min-height-md: 50vh;--gutenslider-min-height-sm: 40vh;--gutenslider-padding-x: 40px;--gutenslider-padding-x-md: 40px;--gutenslider-padding-x-sm: 20px;--gutenslider-padding-y: 40px;--gutenslider-padding-y-md: 40px;--gutenslider-padding-y-sm: 20px;--gutenslider-arrow-size-md: 30px;--gutenslider-arrow-size-sm: 30px;--gutenslider-dot-size-md: 25px;--gutenslider-dot-size-sm: 25px;--gutenslider-arrow-bg-color: transparent;--gutenslider-arrow-hover-color: undefinedbb;--gutenslider-arrow-bg-hover-color: transparent;--gutenslider-arrow-x-offset: 10px;--gutenslider-arrow-x-offset-md: 10px;--gutenslider-arrow-x-offset-sm: 10px;--gutenslider-arrow-y-offset: 0px;--gutenslider-arrow-y-offset-md: 0px;--gutenslider-arrow-y-offset-sm: 0px;--gutenslider-arrow-x-spacing: 0px;--gutenslider-dot-y-offset: 10px;--gutenslider-dot-y-offset-md: 10px;--gutenslider-dot-y-offset-sm: 10px;--gutenslider-margin-x: 0px;--gutenslider-margin-x-md: 0px;--gutenslider-margin-x-sm: 0px;--gutenslider-margin-y: 0px;--gutenslider-margin-y-md: 0px;--gutenslider-margin-y-sm: 0px;--gutenslider-divider-top: 60px;--gutenslider-divider-bottom: 60px;--gutenslider-lightgallery-bg: #ffffff;--gutenslider-lightgallery-font: #000000;--gs-first-pos: 50% 50%;--gs-gap-vertical: var( --wp--style--gallery-gap-default, var( --gallery-block--gutter-size, var( --wp--style--block-gap, 0.5em ) ) );--gs-gap-horizontal: var( --wp--style--gallery-gap-default, var( --gallery-block--gutter-size, var( --wp--style--block-gap, 0.5em ) ) );\"><div class=\"gutenslider-divider-top\" style=\"color:#fff;\"><\/div><div class=\"swiper\" data-settings='{\"autoplay\":{\"delay\":3000,\"pauseOnMouseEnter\":false,\"disableOnInteraction\":true},\"speed\":700,\"direction\":\"horizontal\",\"autoHeight\":\"\",\"loop\":true,\"centeredSlides\":true,\"spaceBetween\":0,\"slidesPerView\":1,\"slidesPerGroup\":1,\"effect\":\"fade\",\"coverflowEffect\":{\"rotate\":30,\"slideShadows\":false,\"depth\":100,\"stretch\":50,\"modifier\":1},\"fadeEffect\":{\"crossFade\":true},\"zoom\":\"\",\"navigation\":{\"nextEl\":\"#gutenslider-zqw2yxgmy .eedee-gutenslider-next\",\"prevEl\":\"#gutenslider-zqw2yxgmy .eedee-gutenslider-prev\"},\"pagination\":{\"type\":\"bullets\",\"clickable\":true,\"dynamicBullets\":false,\"el\":\"#gutenslider-zqw2yxgmy .eedee-gutenslider-pagination\"},\"pauseOnHover\":\"\",\"watchSlidesProgress\":true,\"watchSlidesVisibility\":true,\"settingsMd\":{\"autoHeight\":\"\",\"slidesPerView\":1,\"slidesPerGroup\":1,\"spaceBetween\":0,\"loop\":true},\"settingsLg\":{\"autoHeight\":\"\",\"slidesPerView\":1,\"slidesPerGroup\":1,\"spaceBetween\":0,\"loop\":true},\"hasLg\":false,\"hasLgCounter\":true,\"isFullScreen\":false,\"arrowsFollowMouse\":false,\"lgTitle\":\"none\",\"lgCaption\":\"none\",\"lgThumbnails\":true,\"lgZoomEnabled\":false,\"keyboard\":{\"keyboard\":{\"enabled\":true,\"onlyInViewport\":true}},\"hashNavigation\":false,\"dividers\":false}'><div class=\"swiper-wrapper\">\n<div class=\"swiper-slide wp-block-eedee-block-gutenslide is-position-center-center ed-bg-image\" style=\"--ed-vw:600;--ed-vh:138;\" data-hash=\"\"><div class=\"eedee-background-div bg-image\"><img loading=\"lazy\" width=\"1920\" height=\"440\" class=\"wp-image-119\" src=\"https:\/\/staging.stellba.ch\/wp-content\/uploads\/sites\/5\/2024\/05\/Stellba_Website_Slideshow_3_ohne-1.jpg\" alt=\"\" decoding=\"async\" style=\"object-fit: cover; object-position: 50% 50%;\"  data-title=\"Stellba_Website_Slideshow_3_ohne\" srcset=\"https:\/\/www.stellba.ch\/wp-content\/uploads\/sites\/5\/2024\/05\/Stellba_Website_Slideshow_3_ohne-1.jpg 1920w, https:\/\/www.stellba.ch\/wp-content\/uploads\/sites\/5\/2024\/05\/Stellba_Website_Slideshow_3_ohne-1-600x138.jpg 600w, https:\/\/www.stellba.ch\/wp-content\/uploads\/sites\/5\/2024\/05\/Stellba_Website_Slideshow_3_ohne-1-768x176.jpg 768w, https:\/\/www.stellba.ch\/wp-content\/uploads\/sites\/5\/2024\/05\/Stellba_Website_Slideshow_3_ohne-1-1536x352.jpg 1536w, https:\/\/www.stellba.ch\/wp-content\/uploads\/sites\/5\/2024\/05\/Stellba_Website_Slideshow_3_ohne-1-50x11.jpg 50w, https:\/\/www.stellba.ch\/wp-content\/uploads\/sites\/5\/2024\/05\/Stellba_Website_Slideshow_3_ohne-1-1600x367.jpg 1600w\" sizes=\"(max-width: 1920px) 100vw, 1920px\" \/><div class=\"eedee-background-div__overlay\" style=\"opacity:1;\"><\/div><\/div><div class=\"slide-content\">\n\n<p class=\"has-text-align-center gutenslider-content-initial has-larger-font-size\"><\/p>\n\n<\/div><\/div>\n\n<div class=\"swiper-slide wp-block-eedee-block-gutenslide is-position-center-center ed-bg-image\" style=\"--ed-vw:600;--ed-vh:138;\" data-hash=\"\"><div class=\"eedee-background-div bg-image\"><img loading=\"lazy\" width=\"1920\" height=\"440\" class=\"wp-image-121\" src=\"https:\/\/staging.stellba.ch\/wp-content\/uploads\/sites\/5\/2024\/05\/Stellba_Website_Slideshow_1_ohne-1.jpg\" alt=\"\" decoding=\"async\" style=\"object-fit: cover; object-position: 50% 50%;\"  data-title=\"Stellba_Website_Slideshow_1_ohne\" srcset=\"https:\/\/www.stellba.ch\/wp-content\/uploads\/sites\/5\/2024\/05\/Stellba_Website_Slideshow_1_ohne-1.jpg 1920w, https:\/\/www.stellba.ch\/wp-content\/uploads\/sites\/5\/2024\/05\/Stellba_Website_Slideshow_1_ohne-1-600x138.jpg 600w, https:\/\/www.stellba.ch\/wp-content\/uploads\/sites\/5\/2024\/05\/Stellba_Website_Slideshow_1_ohne-1-768x176.jpg 768w, https:\/\/www.stellba.ch\/wp-content\/uploads\/sites\/5\/2024\/05\/Stellba_Website_Slideshow_1_ohne-1-1536x352.jpg 1536w, https:\/\/www.stellba.ch\/wp-content\/uploads\/sites\/5\/2024\/05\/Stellba_Website_Slideshow_1_ohne-1-50x11.jpg 50w, https:\/\/www.stellba.ch\/wp-content\/uploads\/sites\/5\/2024\/05\/Stellba_Website_Slideshow_1_ohne-1-1600x367.jpg 1600w\" sizes=\"(max-width: 1920px) 100vw, 1920px\" \/><div class=\"eedee-background-div__overlay\" style=\"opacity:1;\"><\/div><\/div><div class=\"slide-content\">\n\n<p class=\"has-text-align-center gutenslider-content-initial has-larger-font-size\"><\/p>\n\n<\/div><\/div>\n\n<div class=\"swiper-slide wp-block-eedee-block-gutenslide is-position-center-center ed-bg-image\" style=\"--ed-vw:600;--ed-vh:138;\" data-hash=\"\"><div class=\"eedee-background-div bg-image\"><img loading=\"lazy\" width=\"1920\" height=\"440\" class=\"wp-image-122\" src=\"https:\/\/staging.stellba.ch\/wp-content\/uploads\/sites\/5\/2024\/05\/Stellba_Website_Slideshow_2_ohne-1.jpg\" alt=\"\" decoding=\"async\" style=\"object-fit: cover; object-position: 50% 50%;\"  data-title=\"Stellba_Website_Slideshow_2_ohne\" srcset=\"https:\/\/www.stellba.ch\/wp-content\/uploads\/sites\/5\/2024\/05\/Stellba_Website_Slideshow_2_ohne-1.jpg 1920w, https:\/\/www.stellba.ch\/wp-content\/uploads\/sites\/5\/2024\/05\/Stellba_Website_Slideshow_2_ohne-1-600x138.jpg 600w, https:\/\/www.stellba.ch\/wp-content\/uploads\/sites\/5\/2024\/05\/Stellba_Website_Slideshow_2_ohne-1-768x176.jpg 768w, https:\/\/www.stellba.ch\/wp-content\/uploads\/sites\/5\/2024\/05\/Stellba_Website_Slideshow_2_ohne-1-1536x352.jpg 1536w, https:\/\/www.stellba.ch\/wp-content\/uploads\/sites\/5\/2024\/05\/Stellba_Website_Slideshow_2_ohne-1-50x11.jpg 50w, https:\/\/www.stellba.ch\/wp-content\/uploads\/sites\/5\/2024\/05\/Stellba_Website_Slideshow_2_ohne-1-1600x367.jpg 1600w\" sizes=\"(max-width: 1920px) 100vw, 1920px\" \/><div class=\"eedee-background-div__overlay\" style=\"opacity:1;\"><\/div><\/div><div class=\"slide-content\">\n\n<p class=\"has-text-align-center gutenslider-content-initial has-larger-font-size\"><\/p>\n\n<\/div><\/div>\n\n<div class=\"swiper-slide wp-block-eedee-block-gutenslide is-position-center-center ed-bg-image\" style=\"--ed-vw:600;--ed-vh:138;\" data-hash=\"\"><div class=\"eedee-background-div bg-image\"><img loading=\"lazy\" width=\"1920\" height=\"440\" class=\"wp-image-123\" src=\"https:\/\/staging.stellba.ch\/wp-content\/uploads\/sites\/5\/2024\/05\/Stellba_Website_Slideshow_4_ohne-1.jpg\" alt=\"\" decoding=\"async\" style=\"object-fit: cover; object-position: 50% 50%;\"  data-title=\"Stellba_Website_Slideshow_4_ohne\" srcset=\"https:\/\/www.stellba.ch\/wp-content\/uploads\/sites\/5\/2024\/05\/Stellba_Website_Slideshow_4_ohne-1.jpg 1920w, https:\/\/www.stellba.ch\/wp-content\/uploads\/sites\/5\/2024\/05\/Stellba_Website_Slideshow_4_ohne-1-600x138.jpg 600w, https:\/\/www.stellba.ch\/wp-content\/uploads\/sites\/5\/2024\/05\/Stellba_Website_Slideshow_4_ohne-1-768x176.jpg 768w, https:\/\/www.stellba.ch\/wp-content\/uploads\/sites\/5\/2024\/05\/Stellba_Website_Slideshow_4_ohne-1-1536x352.jpg 1536w, https:\/\/www.stellba.ch\/wp-content\/uploads\/sites\/5\/2024\/05\/Stellba_Website_Slideshow_4_ohne-1-50x11.jpg 50w, https:\/\/www.stellba.ch\/wp-content\/uploads\/sites\/5\/2024\/05\/Stellba_Website_Slideshow_4_ohne-1-1600x367.jpg 1600w\" sizes=\"(max-width: 1920px) 100vw, 1920px\" \/><div class=\"eedee-background-div__overlay\" style=\"opacity:1;\"><\/div><\/div><div class=\"slide-content\">\n\n<p class=\"has-text-align-center gutenslider-content-initial has-larger-font-size\"><\/p>\n\n<\/div><\/div>\n\n<div class=\"swiper-slide wp-block-eedee-block-gutenslide is-position-center-center ed-bg-image\" style=\"--ed-vw:600;--ed-vh:138;\" data-hash=\"\"><div class=\"eedee-background-div bg-image\"><img loading=\"lazy\" width=\"1920\" height=\"440\" class=\"wp-image-124\" src=\"https:\/\/staging.stellba.ch\/wp-content\/uploads\/sites\/5\/2024\/05\/Stellba_Website_Slideshow_5_ohne-1.jpg\" alt=\"\" decoding=\"async\" style=\"object-fit: cover; object-position: 50% 50%;\"  data-title=\"Stellba_Website_Slideshow_5_ohne\" srcset=\"https:\/\/www.stellba.ch\/wp-content\/uploads\/sites\/5\/2024\/05\/Stellba_Website_Slideshow_5_ohne-1.jpg 1920w, https:\/\/www.stellba.ch\/wp-content\/uploads\/sites\/5\/2024\/05\/Stellba_Website_Slideshow_5_ohne-1-600x138.jpg 600w, https:\/\/www.stellba.ch\/wp-content\/uploads\/sites\/5\/2024\/05\/Stellba_Website_Slideshow_5_ohne-1-768x176.jpg 768w, https:\/\/www.stellba.ch\/wp-content\/uploads\/sites\/5\/2024\/05\/Stellba_Website_Slideshow_5_ohne-1-1536x352.jpg 1536w, https:\/\/www.stellba.ch\/wp-content\/uploads\/sites\/5\/2024\/05\/Stellba_Website_Slideshow_5_ohne-1-50x11.jpg 50w, https:\/\/www.stellba.ch\/wp-content\/uploads\/sites\/5\/2024\/05\/Stellba_Website_Slideshow_5_ohne-1-1600x367.jpg 1600w\" sizes=\"(max-width: 1920px) 100vw, 1920px\" \/><div class=\"eedee-background-div__overlay\" style=\"opacity:1;\"><\/div><\/div><div class=\"slide-content\">\n\n<p class=\"has-text-align-center gutenslider-content-initial has-larger-font-size\"><\/p>\n\n<\/div><\/div>\n\n<div class=\"swiper-slide wp-block-eedee-block-gutenslide is-position-center-center ed-bg-image\" style=\"--ed-vw:600;--ed-vh:138;\" data-hash=\"\"><div class=\"eedee-background-div bg-image\"><img loading=\"lazy\" width=\"1920\" height=\"440\" class=\"wp-image-125\" src=\"https:\/\/staging.stellba.ch\/wp-content\/uploads\/sites\/5\/2024\/05\/Stellba_Website_Slideshow_6_ohne-1.jpg\" alt=\"\" decoding=\"async\" style=\"object-fit: cover; object-position: 50% 50%;\"  data-title=\"Stellba_Website_Slideshow_6_ohne\" srcset=\"https:\/\/www.stellba.ch\/wp-content\/uploads\/sites\/5\/2024\/05\/Stellba_Website_Slideshow_6_ohne-1.jpg 1920w, https:\/\/www.stellba.ch\/wp-content\/uploads\/sites\/5\/2024\/05\/Stellba_Website_Slideshow_6_ohne-1-600x138.jpg 600w, https:\/\/www.stellba.ch\/wp-content\/uploads\/sites\/5\/2024\/05\/Stellba_Website_Slideshow_6_ohne-1-768x176.jpg 768w, https:\/\/www.stellba.ch\/wp-content\/uploads\/sites\/5\/2024\/05\/Stellba_Website_Slideshow_6_ohne-1-1536x352.jpg 1536w, https:\/\/www.stellba.ch\/wp-content\/uploads\/sites\/5\/2024\/05\/Stellba_Website_Slideshow_6_ohne-1-50x11.jpg 50w, https:\/\/www.stellba.ch\/wp-content\/uploads\/sites\/5\/2024\/05\/Stellba_Website_Slideshow_6_ohne-1-1600x367.jpg 1600w\" sizes=\"(max-width: 1920px) 100vw, 1920px\" \/><div class=\"eedee-background-div__overlay\" style=\"opacity:1;\"><\/div><\/div><div class=\"slide-content\">\n\n<p class=\"has-text-align-center gutenslider-content-initial has-larger-font-size\"><\/p>\n\n<\/div><\/div>\n<\/div><\/div><button class=\"eedee-gutenslider-nav eedee-gutenslider-prev\"><svg xmlns=\"http:\/\/www.w3.org\/2000\/svg\" viewBox=\"0 0 24 24\" width=\"24\" height=\"24\"><circle class=\"bg\" cx=\"13\" cy=\"12\" r=\"11\" \/><path fill=\"none\" d=\"M0 0h24v24H0z\"\/><path class=\"arrow\" d=\"M10.828 12l4.95 4.95-1.414 1.414L8 12l6.364-6.364 1.414 1.414z\"\/><\/svg><\/button><button class=\"eedee-gutenslider-nav eedee-gutenslider-next\"><svg xmlns=\"http:\/\/www.w3.org\/2000\/svg\" viewBox=\"0 0 24 24\" width=\"24\" height=\"24\"><circle class=\"bg\" cx=\"11\" cy=\"12\" r=\"11\" \/><path fill=\"none\" d=\"M0 0h24v24H0z\"\/><path class=\"arrow\" d=\"M13.172 12l-4.95-4.95 1.414-1.414L16 12l-6.364 6.364-1.414-1.414z\"\/><\/svg><\/button><div class=\"eedee-gutenslider-pagination\"><\/div><div class=\"gutenslider-divider-bottom \" style=\"color:#fff;\"><\/div><\/div><\/div>\n\n\n<div class=\"wp-block-group container content has-global-padding is-layout-constrained wp-block-group-is-layout-constrained\">\n<div class=\"wp-block-columns is-layout-flex wp-container-core-columns-is-layout-1 wp-block-columns-is-layout-flex\">\n<div class=\"wp-block-column side-navi-container is-layout-flow wp-block-column-is-layout-flow\" style=\"flex-basis:230px\">\n<div class=\"wp-block-buttons side-navi is-vertical is-layout-flex wp-container-core-buttons-is-layout-1 wp-block-buttons-is-layout-flex\">\n<div class=\"wp-block-button has-custom-width wp-block-button__width-100 has-roboto-font-family\" style=\"font-style:normal;font-weight:400\"><a class=\"wp-block-button__link has-custom-blue-background-color has-background has-text-align-left wp-element-button\" href=\"https:\/\/www.stellba.ch\/verfahren\/thermisches-spritzen\/\" style=\"border-radius:0px\">Thermisches Spritzen<\/a><\/div>\n\n\n\n<div class=\"wp-block-button has-custom-width wp-block-button__width-100\"><a class=\"wp-block-button__link has-custom-blue-background-color has-background has-text-align-left wp-element-button\" href=\"https:\/\/www.stellba.ch\/verfahren\/schweissen\/\" style=\"border-radius:0px\">Schweissen<\/a><\/div>\n\n\n\n<div class=\"wp-block-button has-custom-width wp-block-button__width-100 is-style-fill\"><a class=\"wp-block-button__link has-custom-red-background-color has-background has-text-align-left wp-element-button\" href=\"https:\/\/www.stellba.ch\/verfahren\/laserauftragsschweissen\/\" style=\"border-radius:0px\">Laserauftragsschweissen<\/a><\/div>\n\n\n\n<div class=\"wp-block-button has-custom-width wp-block-button__width-100\"><a class=\"wp-block-button__link has-custom-blue-background-color has-background has-text-align-left wp-element-button\" href=\"https:\/\/www.stellba.ch\/verfahren\/waermebehandlung\/\" style=\"border-radius:0px\">W\u00e4rmebehandlung<\/a><\/div>\n<\/div>\n<\/div>\n\n\n\n<div class=\"wp-block-column is-layout-flow wp-block-column-is-layout-flow\" style=\"flex-basis:449px\">\n<h1 class=\"wp-block-heading has-custom-blue-color has-text-color has-link-color wp-elements-028ace88ccee9e73d8d021fc7f9c6679\" style=\"padding-bottom:var(--wp--preset--spacing--10)\">Auftragsschweissen \u2013 speziell materialschonend mit Laser<\/h1>\n\n\n\n<p>Bei diesem thermischen Beschichtungsverfahren wird ein Zusatzwerkstoff (Fe\/Ni\/Co-Basis) mittels Laserstrahlung aufgeschmolzen und metallurgisch mit dem Tr\u00e4germaterial (Stahl oder Nickel-Basis-Legierungen) verbunden. Das Auftragsschweissen mit Laser bietet den Vorteil einer geringeren thermischen Belastung. Das Verfahren eignet sich auch hervorragend um Sch\u00e4den zu reparieren, Komponenten punktuell zu verst\u00e4rken und die originale Geometrie von Bauteilen durch Materialauftrag wieder herzustellen.<\/p>\n\n\n\n<p><strong>XXL-Laserschweissanlage<\/strong><\/p>\n\n\n\n<p>Unsere hochmoderne Laserschweissanlage ist f\u00fcr XXL-Werkst\u00fccke und -Komponenten eingerichtet: Das CNC-gesteuerte 11-Achsen-Anlage bietet extrem lange Fahrwege von 7500 mm x 4500 mm x 1000 mm. Zum Einsatz kommt ein modernster Diodenlaser, ausserdem stehen unterschiedlichste Pulverd\u00fcsen zur Verf\u00fcgung. Die \u00e4usserst leistungsf\u00e4hige Anlage mit 16-Tonnen-Manipulator, Drehkipptisch und Wellendrehbank erm\u00f6glicht auch ein effizientes Auftragsschweissen von inneren Radien, etwa von Pumpen oder Kompressorgeh\u00e4usen, z.B. zur Wiederherstellung der Originalgeometrie oder f\u00fcr Beschichtungen.<\/p>\n\n\n\n<p><strong>Verfahren<\/strong>:<\/p>\n\n\n\n<ul>\n<li>Laser-Auftragsschweissen<\/li>\n\n\n\n<li>Plasma-Auftragsschweissen (PTA)<\/li>\n\n\n\n<li>WIG-Schweissen<\/li>\n\n\n\n<li>MIG\/MAG-Schweissen<\/li>\n\n\n\n<li>Autogenschweissen<\/li>\n\n\n\n<li>Elektroden-Schweissen<\/li>\n<\/ul>\n<\/div>\n\n\n\n<div class=\"wp-block-column is-layout-flow wp-block-column-is-layout-flow\" style=\"flex-basis:230px\">\n<figure class=\"wp-block-image size-full\"><img loading=\"lazy\" decoding=\"async\" width=\"450\" height=\"450\" src=\"https:\/\/staging.stellba.ch\/wp-content\/uploads\/sites\/5\/2024\/05\/Laserauftragsschweissen.jpg\" alt=\"\" class=\"wp-image-322\" srcset=\"https:\/\/www.stellba.ch\/wp-content\/uploads\/sites\/5\/2024\/05\/Laserauftragsschweissen.jpg 450w, https:\/\/www.stellba.ch\/wp-content\/uploads\/sites\/5\/2024\/05\/Laserauftragsschweissen-300x300.jpg 300w, https:\/\/www.stellba.ch\/wp-content\/uploads\/sites\/5\/2024\/05\/Laserauftragsschweissen-50x50.jpg 50w\" sizes=\"(max-width: 450px) 100vw, 450px\" \/><\/figure>\n\n\n\n<h6 class=\"wp-block-heading jobs has-base-2-color has-text-color has-background has-link-color has-roboto-font-family wp-elements-c3db33d7b002b3cceac6be8af123e0f7\" style=\"background-color:#cd3c5b;margin-top:5em;padding-top:1em;padding-right:1em;padding-bottom:1em;padding-left:1em;font-style:normal;font-weight:700\">ANSPRECHPERSON<\/h6>\n\n\n\n<figure class=\"wp-block-image size-full\"><img loading=\"lazy\" decoding=\"async\" width=\"548\" height=\"768\" src=\"https:\/\/staging.stellba.ch\/wp-content\/uploads\/sites\/5\/2024\/05\/fouad.jpg\" alt=\"\" class=\"wp-image-303\" srcset=\"https:\/\/www.stellba.ch\/wp-content\/uploads\/sites\/5\/2024\/05\/fouad.jpg 548w, https:\/\/www.stellba.ch\/wp-content\/uploads\/sites\/5\/2024\/05\/fouad-428x600.jpg 428w, https:\/\/www.stellba.ch\/wp-content\/uploads\/sites\/5\/2024\/05\/fouad-50x70.jpg 50w\" sizes=\"(max-width: 548px) 100vw, 548px\" \/><\/figure>\n\n\n\n<p><strong>Fouad Cheaitani<\/strong><br>Managing Director<br>Welding Engineer IWE\/IWI-C<\/p>\n\n\n\n<p>Telefon +41 56 201 43 13<br>Mobil&nbsp; &nbsp; +41 79 849 96 03<br><a href=\"mailto:fouad.cheaitani.cheaitani@stellba.ch\">fouad.cheaitani@stellba.ch<\/a><\/p>\n<\/div>\n<\/div>\n<\/div>\n","protected":false},"excerpt":{"rendered":"<p>Auftragsschweissen \u2013 speziell materialschonend mit Laser Bei diesem thermischen Beschichtungsverfahren wird ein Zusatzwerkstoff (Fe\/Ni\/Co-Basis) mittels Laserstrahlung aufgeschmolzen und metallurgisch mit dem Tr\u00e4germaterial (Stahl oder Nickel-Basis-Legierungen) verbunden. Das Auftragsschweissen mit Laser bietet den Vorteil einer geringeren thermischen Belastung. Das Verfahren eignet sich auch hervorragend um Sch\u00e4den zu reparieren, Komponenten punktuell zu verst\u00e4rken und die originale Geometrie [&hellip;]<\/p>\n","protected":false},"author":1,"featured_media":0,"parent":11,"menu_order":3,"comment_status":"closed","ping_status":"closed","template":"page-no-title","meta":{"footnotes":""},"_links":{"self":[{"href":"https:\/\/www.stellba.ch\/de\/wp-json\/wp\/v2\/pages\/206"}],"collection":[{"href":"https:\/\/www.stellba.ch\/de\/wp-json\/wp\/v2\/pages"}],"about":[{"href":"https:\/\/www.stellba.ch\/de\/wp-json\/wp\/v2\/types\/page"}],"author":[{"embeddable":true,"href":"https:\/\/www.stellba.ch\/de\/wp-json\/wp\/v2\/users\/1"}],"replies":[{"embeddable":true,"href":"https:\/\/www.stellba.ch\/de\/wp-json\/wp\/v2\/comments?post=206"}],"version-history":[{"count":7,"href":"https:\/\/www.stellba.ch\/de\/wp-json\/wp\/v2\/pages\/206\/revisions"}],"predecessor-version":[{"id":682,"href":"https:\/\/www.stellba.ch\/de\/wp-json\/wp\/v2\/pages\/206\/revisions\/682"}],"up":[{"embeddable":true,"href":"https:\/\/www.stellba.ch\/de\/wp-json\/wp\/v2\/pages\/11"}],"wp:attachment":[{"href":"https:\/\/www.stellba.ch\/de\/wp-json\/wp\/v2\/media?parent=206"}],"curies":[{"name":"wp","href":"https:\/\/api.w.org\/{rel}","templated":true}]}}